{"id":199,"date":"2025-04-10T07:09:06","date_gmt":"2025-04-10T07:09:06","guid":{"rendered":"https:\/\/alexander.lackner.pages.hak-schwaz.at\/?page_id=199"},"modified":"2025-04-17T14:34:22","modified_gmt":"2025-04-17T14:34:22","slug":"uber-mich","status":"publish","type":"page","link":"https:\/\/alexander.lackner.pages.hak-schwaz.at\/?page_id=199","title":{"rendered":"\u00dcber mich"},"content":{"rendered":"\n<div class=\"wp-block-group is-nowrap is-layout-flex wp-container-core-group-is-layout-ad2f72ca wp-block-group-is-layout-flex\">\n<figure class=\"wp-block-image size-full is-resized\"><img loading=\"lazy\" decoding=\"async\" width=\"451\" height=\"600\" src=\"https:\/\/alexander.lackner.pages.hak-schwaz.at\/wp-content\/uploads\/2025\/04\/Bild1.jpg\" alt=\"\" class=\"wp-image-204\" style=\"width:710px;height:auto\" srcset=\"https:\/\/alexander.lackner.pages.hak-schwaz.at\/wp-content\/uploads\/2025\/04\/Bild1.jpg 451w, https:\/\/alexander.lackner.pages.hak-schwaz.at\/wp-content\/uploads\/2025\/04\/Bild1-226x300.jpg 226w\" sizes=\"auto, (max-width: 451px) 100vw, 451px\" \/><\/figure>\n\n\n\n<p class=\"has-text-align-center\">Mein Name ist Alexander Lackner, ich bin 20 Jahre alt und komme aus Mayrhofen. Derzeit besuche ich die Handelsakademie Schwaz, wo ich dieses Jahr maturiere. In meiner Freizeit bin ich gerne sportlich unterwegs \u2013 besonders das Radfahren und das Training im Gym geh\u00f6ren zu meinen gr\u00f6\u00dften Hobbys.<\/p>\n<\/div>\n\n\n\n<h2 class=\"wp-block-heading\">Schulischer Werdegang<\/h2>\n\n\n\n<p>Seit f\u00fcnf Jahren besuche ich die Handelsakademie in Schwaz. Ich habe mich f\u00fcr die Media HAK entschieden. Davor habe ich ein Jahr die Polytechnische Schule und jeweils vier Jahre die Mittelschule und Volkschule in Mayrhofen besucht.<\/p>\n\n\n\n<h2 class=\"wp-block-heading\">Ziele Nach der Hak<\/h2>\n\n\n\n<p>Nach der Hak werde ich meinen neun-monatigen Zivildienst bei der Rettung machen. Anschlie\u00dfend werde ich in Innsbruck weiter studieren.<\/p>\n","protected":false},"excerpt":{"rendered":"<p>Mein Name ist Alexander Lackner, ich bin 20 Jahre alt und komme aus Mayrhofen. Derzeit besuche ich die Handelsakademie Schwaz, wo ich dieses Jahr maturiere. &hellip;<\/p>\n","protected":false},"author":1,"featured_media":0,"parent":0,"menu_order":0,"comment_status":"closed","ping_status":"closed","template":"","meta":{"footnotes":""},"class_list":["post-199","page","type-page","status-publish","hentry"],"_links":{"self":[{"href":"https:\/\/alexander.lackner.pages.hak-schwaz.at\/index.php?rest_route=\/wp\/v2\/pages\/199","targetHints":{"allow":["GET"]}}],"collection":[{"href":"https:\/\/alexander.lackner.pages.hak-schwaz.at\/index.php?rest_route=\/wp\/v2\/pages"}],"about":[{"href":"https:\/\/alexander.lackner.pages.hak-schwaz.at\/index.php?rest_route=\/wp\/v2\/types\/page"}],"author":[{"embeddable":true,"href":"https:\/\/alexander.lackner.pages.hak-schwaz.at\/index.php?rest_route=\/wp\/v2\/users\/1"}],"replies":[{"embeddable":true,"href":"https:\/\/alexander.lackner.pages.hak-schwaz.at\/index.php?rest_route=%2Fwp%2Fv2%2Fcomments&post=199"}],"version-history":[{"count":7,"href":"https:\/\/alexander.lackner.pages.hak-schwaz.at\/index.php?rest_route=\/wp\/v2\/pages\/199\/revisions"}],"predecessor-version":[{"id":313,"href":"https:\/\/alexander.lackner.pages.hak-schwaz.at\/index.php?rest_route=\/wp\/v2\/pages\/199\/revisions\/313"}],"wp:attachment":[{"href":"https:\/\/alexander.lackner.pages.hak-schwaz.at\/index.php?rest_route=%2Fwp%2Fv2%2Fmedia&parent=199"}],"curies":[{"name":"wp","href":"https:\/\/api.w.org\/{rel}","templated":true}]}}