{"id":239,"date":"2025-04-17T10:09:52","date_gmt":"2025-04-17T10:09:52","guid":{"rendered":"https:\/\/alexander.lackner.pages.hak-schwaz.at\/?page_id=239"},"modified":"2025-04-17T10:13:44","modified_gmt":"2025-04-17T10:13:44","slug":"mein-medienportfolio","status":"publish","type":"page","link":"https:\/\/alexander.lackner.pages.hak-schwaz.at\/","title":{"rendered":"Medienportfolio &#8211; Alexander Lackner"},"content":{"rendered":"\n<p class=\"has-text-align-center\">In diesem Portfolio stelle ich eine Auswahl an Projekten und Arbeiten vor, die im Rahmen meiner Ausbildung entstanden sind. Ziel dieser Website ist es, meine praktischen F\u00e4higkeiten sowie mein fachliches Know-how aus unterschiedlichen Medienbereichen sichtbar zu machen \u2013 darunter Netzwerkmanagement (NTMA), Internet, Social Media und Kommunikation (IMSK), Medieninformatik (MINF), Wirtschafts- und Organisationspsychologie (WOP) sowie Kommunikation und \u00d6ffentlichkeitsarbeit (KOEA).<\/p>\n\n\n\n<p class=\"has-text-align-center\">F\u00fcr jedes dieser F\u00e4cher pr\u00e4sentiere ich pro Ausbildungsjahr zwei exemplarische Arbeiten.<\/p>\n\n\n\n<p><\/p>\n\n\n\n<p><\/p>\n","protected":false},"excerpt":{"rendered":"<p>In diesem Portfolio stelle ich eine Auswahl an Projekten und Arbeiten vor, die im Rahmen meiner Ausbildung entstanden sind. Ziel dieser Website ist es, meine &hellip;<\/p>\n","protected":false},"author":1,"featured_media":0,"parent":0,"menu_order":0,"comment_status":"closed","ping_status":"closed","template":"","meta":{"footnotes":""},"class_list":["post-239","page","type-page","status-publish","hentry"],"_links":{"self":[{"href":"https:\/\/alexander.lackner.pages.hak-schwaz.at\/index.php?rest_route=\/wp\/v2\/pages\/239","targetHints":{"allow":["GET"]}}],"collection":[{"href":"https:\/\/alexander.lackner.pages.hak-schwaz.at\/index.php?rest_route=\/wp\/v2\/pages"}],"about":[{"href":"https:\/\/alexander.lackner.pages.hak-schwaz.at\/index.php?rest_route=\/wp\/v2\/types\/page"}],"author":[{"embeddable":true,"href":"https:\/\/alexander.lackner.pages.hak-schwaz.at\/index.php?rest_route=\/wp\/v2\/users\/1"}],"replies":[{"embeddable":true,"href":"https:\/\/alexander.lackner.pages.hak-schwaz.at\/index.php?rest_route=%2Fwp%2Fv2%2Fcomments&post=239"}],"version-history":[{"count":6,"href":"https:\/\/alexander.lackner.pages.hak-schwaz.at\/index.php?rest_route=\/wp\/v2\/pages\/239\/revisions"}],"predecessor-version":[{"id":246,"href":"https:\/\/alexander.lackner.pages.hak-schwaz.at\/index.php?rest_route=\/wp\/v2\/pages\/239\/revisions\/246"}],"wp:attachment":[{"href":"https:\/\/alexander.lackner.pages.hak-schwaz.at\/index.php?rest_route=%2Fwp%2Fv2%2Fmedia&parent=239"}],"curies":[{"name":"wp","href":"https:\/\/api.w.org\/{rel}","templated":true}]}}