{"id":47,"date":"2025-03-05T16:45:19","date_gmt":"2025-03-05T16:45:19","guid":{"rendered":"https:\/\/alexander.lackner.pages.hak-schwaz.at\/?page_id=47"},"modified":"2025-03-25T13:53:22","modified_gmt":"2025-03-25T13:53:22","slug":"imsk","status":"publish","type":"page","link":"https:\/\/alexander.lackner.pages.hak-schwaz.at\/?page_id=47","title":{"rendered":"IMSK"},"content":{"rendered":"\n<h2 class=\"wp-block-heading has-text-align-center\">IMSK<\/h2>\n\n\n\n<p class=\"has-text-align-center\">IMSK (Information und Kommunikation, Management und Softwareentwicklung) ist ein Fach an der HAK, das Sch\u00fcler*innen grundlegende IT-Kenntnisse vermittelt. Es umfasst Themen wie B\u00fcrosoftware, Datenbanken, Webdesign, Programmierung und IT-Management. Ziel ist es, digitale Kompetenzen f\u00fcr den beruflichen Alltag zu entwickeln.<\/p>\n\n\n\n<p><\/p>\n","protected":false},"excerpt":{"rendered":"<p>IMSK IMSK (Information und Kommunikation, Management und Softwareentwicklung) ist ein Fach an der HAK, das Sch\u00fcler*innen grundlegende IT-Kenntnisse vermittelt. Es umfasst Themen wie B\u00fcrosoftware, Datenbanken, &hellip;<\/p>\n","protected":false},"author":1,"featured_media":0,"parent":0,"menu_order":0,"comment_status":"closed","ping_status":"closed","template":"","meta":{"footnotes":""},"class_list":["post-47","page","type-page","status-publish","hentry"],"_links":{"self":[{"href":"https:\/\/alexander.lackner.pages.hak-schwaz.at\/index.php?rest_route=\/wp\/v2\/pages\/47","targetHints":{"allow":["GET"]}}],"collection":[{"href":"https:\/\/alexander.lackner.pages.hak-schwaz.at\/index.php?rest_route=\/wp\/v2\/pages"}],"about":[{"href":"https:\/\/alexander.lackner.pages.hak-schwaz.at\/index.php?rest_route=\/wp\/v2\/types\/page"}],"author":[{"embeddable":true,"href":"https:\/\/alexander.lackner.pages.hak-schwaz.at\/index.php?rest_route=\/wp\/v2\/users\/1"}],"replies":[{"embeddable":true,"href":"https:\/\/alexander.lackner.pages.hak-schwaz.at\/index.php?rest_route=%2Fwp%2Fv2%2Fcomments&post=47"}],"version-history":[{"count":4,"href":"https:\/\/alexander.lackner.pages.hak-schwaz.at\/index.php?rest_route=\/wp\/v2\/pages\/47\/revisions"}],"predecessor-version":[{"id":162,"href":"https:\/\/alexander.lackner.pages.hak-schwaz.at\/index.php?rest_route=\/wp\/v2\/pages\/47\/revisions\/162"}],"wp:attachment":[{"href":"https:\/\/alexander.lackner.pages.hak-schwaz.at\/index.php?rest_route=%2Fwp%2Fv2%2Fmedia&parent=47"}],"curies":[{"name":"wp","href":"https:\/\/api.w.org\/{rel}","templated":true}]}}