{"id":52,"date":"2025-03-05T16:45:19","date_gmt":"2025-03-05T16:45:19","guid":{"rendered":"https:\/\/alexander.lackner.pages.hak-schwaz.at\/?page_id=52"},"modified":"2025-04-17T10:25:04","modified_gmt":"2025-04-17T10:25:04","slug":"1-klasse-2","status":"publish","type":"page","link":"https:\/\/alexander.lackner.pages.hak-schwaz.at\/?page_id=52","title":{"rendered":"1. Klasse"},"content":{"rendered":"\n<h2 class=\"wp-block-heading\"><strong><strong>Kreative Texteffekte in Photoshop<\/strong><\/strong><\/h2>\n\n\n\n<div style=\"height:60px\" aria-hidden=\"true\" class=\"wp-block-spacer\"><\/div>\n\n\n\n<p class=\"has-text-align-center\">In diesem Projekt haben wir verschiedene Techniken ausprobiert, um Text in Photoshop visuell ansprechend zu gestalten.<\/p>\n\n\n\n<div style=\"height:60px\" aria-hidden=\"true\" class=\"wp-block-spacer\"><\/div>\n\n\n\n<p class=\"has-text-align-center\"><\/p>\n\n\n\n<p class=\"has-text-align-center\"><strong>Text hinter dem Hintergrund<\/strong> (1. Bild)<br>Durch das Platzieren des Textes\u00a0<em>hinter<\/em>\u00a0Bildelementen entstand ein r\u00e4umlicher Effekt.<br>\u2192\u00a0<strong>Wichtigste Kompetenz<\/strong>: Kontrolle der\u00a0<strong>Ebenenhierarchie<\/strong>\u00a0und Nutzung von\u00a0<strong>Masken<\/strong>\u00a0f\u00fcr subtile Freistellung.<\/p>\n\n\n\n<p class=\"has-text-align-center\"><strong>Integration von Hintergrund und Text<\/strong> (2. Bild)<br>Der Hintergrund wurde direkt in den Schriftzug eingebunden (z. B. mit\u00a0<em>Mustern<\/em>\u00a0oder\u00a0<em>Bildf\u00fcllung<\/em>), w\u00e4hrend ein Rahmen Kontrast schafft.<br>\u2192\u00a0<strong>Wichtigste Kompetenz<\/strong>: Anwendung von\u00a0<strong>Clipping-Masken<\/strong>\u00a0und\u00a0<strong>Ebenenstilen<\/strong>\u00a0f\u00fcr pr\u00e4zise Textintegration.<\/p>\n\n\n\n<div style=\"height:60px\" aria-hidden=\"true\" class=\"wp-block-spacer\"><\/div>\n\n\n\n<p class=\"has-text-align-center\"><\/p>\n\n\n\n<ol start=\"1\" class=\"wp-block-list\"><\/ol>\n\n\n\n<p class=\"has-text-align-center\"><strong>Erkenntnis:<\/strong>\u00a0Durch gezielte Layer- und Maskentechniken l\u00e4sst sich Text nahtlos in Designs einbinden \u2013 mal dezent, mal kontrastreich.<br>In diesem Projekt haben wir gelernt, wie man&nbsp;<strong>Text durch Ebenentechniken<\/strong>&nbsp;gezielt in Bildkompositionen integriert.<\/p>\n\n\n\n<p><\/p>\n\n\n\n<p class=\"has-text-align-center\"><strong>Ergebnis<\/strong>: Professionelle Textgestaltung durch gezielten Einsatz von Ebenen- und Maskentechniken.<\/p>\n\n\n\n<figure class=\"wp-block-image size-large\"><img loading=\"lazy\" decoding=\"async\" width=\"1024\" height=\"576\" src=\"https:\/\/alexander.lackner.pages.hak-schwaz.at\/wp-content\/uploads\/2025\/04\/Bild_1_Text_Lackner-1024x576.jpg\" alt=\"\" class=\"wp-image-186\" srcset=\"https:\/\/alexander.lackner.pages.hak-schwaz.at\/wp-content\/uploads\/2025\/04\/Bild_1_Text_Lackner-1024x576.jpg 1024w, https:\/\/alexander.lackner.pages.hak-schwaz.at\/wp-content\/uploads\/2025\/04\/Bild_1_Text_Lackner-300x169.jpg 300w, https:\/\/alexander.lackner.pages.hak-schwaz.at\/wp-content\/uploads\/2025\/04\/Bild_1_Text_Lackner-768x432.jpg 768w, https:\/\/alexander.lackner.pages.hak-schwaz.at\/wp-content\/uploads\/2025\/04\/Bild_1_Text_Lackner-1536x864.jpg 1536w, https:\/\/alexander.lackner.pages.hak-schwaz.at\/wp-content\/uploads\/2025\/04\/Bild_1_Text_Lackner-416x234.jpg 416w, https:\/\/alexander.lackner.pages.hak-schwaz.at\/wp-content\/uploads\/2025\/04\/Bild_1_Text_Lackner.jpg 1920w\" sizes=\"auto, (max-width: 1024px) 100vw, 1024px\" \/><\/figure>\n\n\n\n<figure class=\"wp-block-image size-large\"><img loading=\"lazy\" decoding=\"async\" width=\"1024\" height=\"576\" src=\"https:\/\/alexander.lackner.pages.hak-schwaz.at\/wp-content\/uploads\/2025\/04\/Bild_2_Text_Lackner-1024x576.jpg\" alt=\"\" class=\"wp-image-187\" srcset=\"https:\/\/alexander.lackner.pages.hak-schwaz.at\/wp-content\/uploads\/2025\/04\/Bild_2_Text_Lackner-1024x576.jpg 1024w, https:\/\/alexander.lackner.pages.hak-schwaz.at\/wp-content\/uploads\/2025\/04\/Bild_2_Text_Lackner-300x169.jpg 300w, https:\/\/alexander.lackner.pages.hak-schwaz.at\/wp-content\/uploads\/2025\/04\/Bild_2_Text_Lackner-768x432.jpg 768w, https:\/\/alexander.lackner.pages.hak-schwaz.at\/wp-content\/uploads\/2025\/04\/Bild_2_Text_Lackner-1536x864.jpg 1536w, https:\/\/alexander.lackner.pages.hak-schwaz.at\/wp-content\/uploads\/2025\/04\/Bild_2_Text_Lackner-416x234.jpg 416w, https:\/\/alexander.lackner.pages.hak-schwaz.at\/wp-content\/uploads\/2025\/04\/Bild_2_Text_Lackner.jpg 1920w\" sizes=\"auto, (max-width: 1024px) 100vw, 1024px\" \/><\/figure>\n\n\n\n<div style=\"height:59px\" aria-hidden=\"true\" class=\"wp-block-spacer\"><\/div>\n\n\n\n<hr class=\"wp-block-separator has-alpha-channel-opacity is-style-wide\"\/>\n\n\n\n<div style=\"height:59px\" aria-hidden=\"true\" class=\"wp-block-spacer\"><\/div>\n\n\n\n<h2 class=\"wp-block-heading\">Animation mit Photoshop und Illustrator<\/h2>\n\n\n\n<p>F\u00fcr dieses Projekt habe ich in Photoshop ein neues Dokument mit der HDTV-Vorlage (1920 x 1080 Pixel) erstellt. Anschlie\u00dfend habe ich mir eine passende Vektorgrafik \u2013 beispielsweise von freepik.com \u2013 heruntergeladen und in Adobe Illustrator ge\u00f6ffnet (Dateiformat: .ai oder .eps). Die einzelnen Elemente der Grafik habe ich dann in mein Photoshop-Dokument kopiert und die Ebenen dabei sinnvoll benannt, um den \u00dcberblick zu behalten.<\/p>\n\n\n\n<p>\u00dcber das Men\u00fc <em>Fenster &gt; Zeitleiste<\/em> habe ich anschlie\u00dfend eine Videozeitleiste erstellt. Daraufhin habe ich die eingef\u00fcgten Objekte animiert, um eine einfache, aber wirkungsvolle Bewegung in die Szene zu bringen.<\/p>\n\n\n\n<p>Die fertige PSD-Datei habe ich gespeichert, um bei Bedarf sp\u00e4ter darauf zur\u00fcckgreifen zu k\u00f6nnen. Zum Schluss wurde das Video \u00fcber <em>Datei &gt; Exportieren &gt; Video rendern<\/em> ausgegeben. Im Render-Dialog habe ich das Format &#8220;H.264&#8221; gew\u00e4hlt, um eine gute Qualit\u00e4t bei gleichzeitig kompakter Dateigr\u00f6\u00dfe zu erzielen.<\/p>\n\n\n\n<div class=\"wp-block-file\"><a id=\"wp-block-file--media-c0b158f2-4278-4626-af4f-b9f2ccf065fb\" href=\"https:\/\/alexander.lackner.pages.hak-schwaz.at\/wp-content\/uploads\/2025\/04\/Animation_HU_Lackner-1-1.mp4\">Animation_H\u00dc_Lackner (1)<\/a><a href=\"https:\/\/alexander.lackner.pages.hak-schwaz.at\/wp-content\/uploads\/2025\/04\/Animation_HU_Lackner-1-1.mp4\" class=\"wp-block-file__button wp-element-button\" download aria-describedby=\"wp-block-file--media-c0b158f2-4278-4626-af4f-b9f2ccf065fb\">Download<\/a><\/div>\n\n\n\n<div style=\"height:100px\" aria-hidden=\"true\" class=\"wp-block-spacer\"><\/div>\n\n\n\n<p><strong>Erlernte Kompetenzen im Umgang mit Photoshop und Videoanimation:<\/strong><\/p>\n\n\n\n<ul class=\"wp-block-list\">\n<li><strong>Erstellung eines Designs in Photoshop<\/strong>: Wir haben gelernt, wie man mit Photoshop ein neues Dokument im HDTV-Format (1920 x 1080 Pixel) erstellt und f\u00fcr verschiedene kreative Projekte vorbereitet.<\/li>\n\n\n\n<li><strong>Arbeiten mit Vektorgrafiken<\/strong>: Durch das Herunterladen und \u00d6ffnen von Vektorgrafiken in Adobe Illustrator haben wir unsere F\u00e4higkeiten im Umgang mit verschiedenen Dateiformaten (.ai, .eps) und der Nutzung von Vektoren erweitert.<\/li>\n\n\n\n<li><strong>Ebenenorganisation und -benennung<\/strong>: Das sorgf\u00e4ltige Benennen von Ebenen in Photoshop hat uns geholfen, den \u00dcberblick zu behalten und das Design effizient zu bearbeiten.<\/li>\n<\/ul>\n","protected":false},"excerpt":{"rendered":"<p>Kreative Texteffekte in Photoshop In diesem Projekt haben wir verschiedene Techniken ausprobiert, um Text in Photoshop visuell ansprechend zu gestalten. Text hinter dem Hintergrund (1. &hellip;<\/p>\n","protected":false},"author":1,"featured_media":0,"parent":102,"menu_order":0,"comment_status":"closed","ping_status":"closed","template":"","meta":{"footnotes":""},"class_list":["post-52","page","type-page","status-publish","hentry"],"_links":{"self":[{"href":"https:\/\/alexander.lackner.pages.hak-schwaz.at\/index.php?rest_route=\/wp\/v2\/pages\/52","targetHints":{"allow":["GET"]}}],"collection":[{"href":"https:\/\/alexander.lackner.pages.hak-schwaz.at\/index.php?rest_route=\/wp\/v2\/pages"}],"about":[{"href":"https:\/\/alexander.lackner.pages.hak-schwaz.at\/index.php?rest_route=\/wp\/v2\/types\/page"}],"author":[{"embeddable":true,"href":"https:\/\/alexander.lackner.pages.hak-schwaz.at\/index.php?rest_route=\/wp\/v2\/users\/1"}],"replies":[{"embeddable":true,"href":"https:\/\/alexander.lackner.pages.hak-schwaz.at\/index.php?rest_route=%2Fwp%2Fv2%2Fcomments&post=52"}],"version-history":[{"count":21,"href":"https:\/\/alexander.lackner.pages.hak-schwaz.at\/index.php?rest_route=\/wp\/v2\/pages\/52\/revisions"}],"predecessor-version":[{"id":259,"href":"https:\/\/alexander.lackner.pages.hak-schwaz.at\/index.php?rest_route=\/wp\/v2\/pages\/52\/revisions\/259"}],"up":[{"embeddable":true,"href":"https:\/\/alexander.lackner.pages.hak-schwaz.at\/index.php?rest_route=\/wp\/v2\/pages\/102"}],"wp:attachment":[{"href":"https:\/\/alexander.lackner.pages.hak-schwaz.at\/index.php?rest_route=%2Fwp%2Fv2%2Fmedia&parent=52"}],"curies":[{"name":"wp","href":"https:\/\/api.w.org\/{rel}","templated":true}]}}