{"id":53,"date":"2025-03-05T16:45:19","date_gmt":"2025-03-05T16:45:19","guid":{"rendered":"https:\/\/alexander.lackner.pages.hak-schwaz.at\/?page_id=53"},"modified":"2025-04-17T14:35:26","modified_gmt":"2025-04-17T14:35:26","slug":"2-klasse","status":"publish","type":"page","link":"https:\/\/alexander.lackner.pages.hak-schwaz.at\/?page_id=53","title":{"rendered":"2. Klasse"},"content":{"rendered":"\n<h2 class=\"wp-block-heading\">Podcast-Projekt in MINF<\/h2>\n\n\n\n<p>In den letzten MINF-Einheiten haben wir Schritt f\u00fcr Schritt ein eigenes Podcast-Projekt umgesetzt. Zu Beginn haben wir ein passendes Thema gew\u00e4hlt und ein kurzes Skript bzw. einen groben Ablaufplan erstellt.<\/p>\n\n\n\n<p>Danach starteten wir mit den Tonaufnahmen. Dabei kamen Mikrofone und Aufnahmeger\u00e4te zum Einsatz, die wir zuvor im Unterricht kennengelernt hatten. Im Anschluss daran begannen wir mit dem Schnitt und der Bearbeitung in einer Audio-Software. Dabei wurden Versprecher entfernt, Musik oder Soundeffekte eingebaut und die Lautst\u00e4rke angepasst.<\/p>\n\n\n\n<p>Link zum Podcast: <a href=\"https:\/\/hakschwaz-my.sharepoint.com\/:f:\/g\/personal\/alexander_lackner_hak-schwaz_at\/EjlojaICv1NOmN9D3hkA4dEB-_sZhqQpynBG1cBT0hHDNA?e=Vu8PUh\">Podcast<\/a><\/p>\n\n\n\n<p><strong>Erlernte Kompetenzen im Podcast-Projekt:<\/strong><\/p>\n\n\n\n<ul class=\"wp-block-list\">\n<li><strong>Planung und Strukturierung<\/strong>: Wir haben gelernt, wie man Inhalte f\u00fcr ein Audioformat sinnvoll aufbaut, plant und in ein stimmiges Konzept \u00fcberf\u00fchrt.<\/li>\n\n\n\n<li><strong>Technisches Know-how<\/strong>: Wir haben den Umgang mit Aufnahmeger\u00e4ten, Mikrofonen und Audiobearbeitungssoftware (z.\u202fB. Audacity) ge\u00fcbt.<\/li>\n\n\n\n<li><strong>Audio-Schnitt &amp; Nachbearbeitung<\/strong>: Wir konnten unsere F\u00e4higkeiten im Bereich Tonbearbeitung verbessern \u2013 z.\u202fB. durch das Schneiden von Audio, das Einf\u00fcgen von Musik und das Angleichen der Lautst\u00e4rke.<\/li>\n<\/ul>\n\n\n\n<div style=\"height:59px\" aria-hidden=\"true\" class=\"wp-block-spacer\"><\/div>\n\n\n\n<hr class=\"wp-block-separator has-alpha-channel-opacity is-style-wide\"\/>\n\n\n\n<div style=\"height:22px\" aria-hidden=\"true\" class=\"wp-block-spacer\"><\/div>\n\n\n\n<h2 class=\"wp-block-heading\">Storyboard<\/h2>\n\n\n\n<p>Im Rahmen dieser Aufgabe haben wir mithilfe einer Vorlage ein Storyboard f\u00fcr einen Werbeclip erstellt. Dabei war es wichtig, den Clip auf maximal 20 Sekunden zu begrenzen und gleichzeitig realistische Elemente zu verwenden, die sich problemlos in der Schule umsetzen lassen. Das bedeutet, dass wir auf aufwendige Effekte, Drohnenfl\u00fcge oder den Einsatz von Schauspieler:innen verzichtet haben.<\/p>\n\n\n\n<p>Unser Fokus lag darauf, ein durchdachtes visuelles Konzept zu entwickeln, das auch mit den vorhandenen Mitteln umsetzbar ist. Wir haben den Ablauf des Clips detailliert geplant und jede einzelne Einstellung mit der ungef\u00e4hren Dauer und der Kameraf\u00fchrung versehen. Diese \u00dcbung hat uns nicht nur dabei geholfen, ein Gef\u00fchl f\u00fcr die Struktur eines Werbeclips zu entwickeln, sondern auch zu verstehen, wie man mit begrenzten Ressourcen eine ansprechende und effektive Werbung erstellt.<\/p>\n\n\n\n<div data-wp-interactive=\"core\/file\" class=\"wp-block-file\"><object data-wp-bind--hidden=\"!state.hasPdfPreview\" hidden class=\"wp-block-file__embed\" data=\"https:\/\/alexander.lackner.pages.hak-schwaz.at\/wp-content\/uploads\/2025\/04\/Storyboard_Webeclip_Lackner.pdf\" type=\"application\/pdf\" style=\"width:100%;height:600px\" aria-label=\"Embed of Storyboard_Webeclip_Lackner.\"><\/object><a id=\"wp-block-file--media-91c8b00c-dc1a-42ad-967d-9233af3cd24f\" href=\"https:\/\/alexander.lackner.pages.hak-schwaz.at\/wp-content\/uploads\/2025\/04\/Storyboard_Webeclip_Lackner.pdf\">Storyboard_Webeclip_Lackner<\/a><a href=\"https:\/\/alexander.lackner.pages.hak-schwaz.at\/wp-content\/uploads\/2025\/04\/Storyboard_Webeclip_Lackner.pdf\" class=\"wp-block-file__button wp-element-button\" download aria-describedby=\"wp-block-file--media-91c8b00c-dc1a-42ad-967d-9233af3cd24f\">Download<\/a><\/div>\n\n\n\n<div style=\"height:623px\" aria-hidden=\"true\" class=\"wp-block-spacer\"><\/div>\n\n\n\n<p>Umsetzung:<a href=\"https:\/\/hakschwaz-my.sharepoint.com\/:f:\/g\/personal\/alexander_lackner_hak-schwaz_at\/EqMRQPEoH6xGh4cWwivgGQYBNowm8c9eFbXFXsUxsW42Lw?e=UQoHn0\">Storyboard<\/a><\/p>\n\n\n\n<p><strong>Erlernte Kompetenzen bei der Storyboard-Erstellung f\u00fcr einen Werbeclip:<\/strong><\/p>\n\n\n\n<ul class=\"wp-block-list\">\n<li><strong>Kreative Konzeptentwicklung<\/strong>: Wir haben gelernt, wie man ein kreatives Konzept f\u00fcr einen Werbeclip entwickelt, das realistisch und umsetzbar ist.<\/li>\n\n\n\n<li><strong>Zeiteinteilung und Strukturierung<\/strong>: Die Beschr\u00e4nkung auf 20 Sekunden hat uns geholfen, den Clip klar zu strukturieren und den Fokus auf wesentliche Elemente zu legen.<\/li>\n\n\n\n<li><strong>Visuelle Planung und Storytelling<\/strong>: Durch das Storyboard konnten wir jede Einstellung visuell planen und sicherstellen, dass der Clip eine klare Botschaft vermittelt.<\/li>\n<\/ul>\n","protected":false},"excerpt":{"rendered":"<p>Podcast-Projekt in MINF In den letzten MINF-Einheiten haben wir Schritt f\u00fcr Schritt ein eigenes Podcast-Projekt umgesetzt. Zu Beginn haben wir ein passendes Thema gew\u00e4hlt und &hellip;<\/p>\n","protected":false},"author":1,"featured_media":0,"parent":102,"menu_order":0,"comment_status":"closed","ping_status":"closed","template":"","meta":{"footnotes":""},"class_list":["post-53","page","type-page","status-publish","hentry"],"_links":{"self":[{"href":"https:\/\/alexander.lackner.pages.hak-schwaz.at\/index.php?rest_route=\/wp\/v2\/pages\/53","targetHints":{"allow":["GET"]}}],"collection":[{"href":"https:\/\/alexander.lackner.pages.hak-schwaz.at\/index.php?rest_route=\/wp\/v2\/pages"}],"about":[{"href":"https:\/\/alexander.lackner.pages.hak-schwaz.at\/index.php?rest_route=\/wp\/v2\/types\/page"}],"author":[{"embeddable":true,"href":"https:\/\/alexander.lackner.pages.hak-schwaz.at\/index.php?rest_route=\/wp\/v2\/users\/1"}],"replies":[{"embeddable":true,"href":"https:\/\/alexander.lackner.pages.hak-schwaz.at\/index.php?rest_route=%2Fwp%2Fv2%2Fcomments&post=53"}],"version-history":[{"count":11,"href":"https:\/\/alexander.lackner.pages.hak-schwaz.at\/index.php?rest_route=\/wp\/v2\/pages\/53\/revisions"}],"predecessor-version":[{"id":315,"href":"https:\/\/alexander.lackner.pages.hak-schwaz.at\/index.php?rest_route=\/wp\/v2\/pages\/53\/revisions\/315"}],"up":[{"embeddable":true,"href":"https:\/\/alexander.lackner.pages.hak-schwaz.at\/index.php?rest_route=\/wp\/v2\/pages\/102"}],"wp:attachment":[{"href":"https:\/\/alexander.lackner.pages.hak-schwaz.at\/index.php?rest_route=%2Fwp%2Fv2%2Fmedia&parent=53"}],"curies":[{"name":"wp","href":"https:\/\/api.w.org\/{rel}","templated":true}]}}