{"id":56,"date":"2025-03-05T16:45:19","date_gmt":"2025-03-05T16:45:19","guid":{"rendered":"https:\/\/alexander.lackner.pages.hak-schwaz.at\/?page_id=56"},"modified":"2025-04-17T11:03:54","modified_gmt":"2025-04-17T11:03:54","slug":"3-klasse-2","status":"publish","type":"page","link":"https:\/\/alexander.lackner.pages.hak-schwaz.at\/?page_id=56","title":{"rendered":"3. Klasse"},"content":{"rendered":"\n<h2 class=\"wp-block-heading\">Physikalische Grundlagen<\/h2>\n\n\n\n<h3 class=\"wp-block-heading\"><strong>Ausgangssituation \/ Aufgabenstellung<\/strong><\/h3>\n\n\n\n<p>Ziel war es, die physikalischen Grundlagen moderner Kommunikationstechnologien zu verstehen. Dabei standen grundlegende Begriffe wie Signal\u00fcbertragung, Stromformen und Codierung im Fokus.<\/p>\n\n\n\n<h3 class=\"wp-block-heading\"><strong>Erlernte Kompetenzen<\/strong><\/h3>\n\n\n\n<ul class=\"wp-block-list\">\n<li>Verst\u00e4ndnis von Sender-Empf\u00e4nger-Modellen<\/li>\n\n\n\n<li>Unterscheidung zwischen analoger und digitaler Kommunikation<\/li>\n\n\n\n<li>Grundlagen von Gleich- und Wechselstrom<\/li>\n\n\n\n<li>Bedeutung elektromagnetischer Wellen in der Kommunikation<\/li>\n\n\n\n<li>Einblick in Encodierung, Modulation und Signalverarbeitung<\/li>\n<\/ul>\n\n\n\n<h3 class=\"wp-block-heading\"><strong>Umsetzung der Lernsituation<\/strong><\/h3>\n\n\n\n<p>Anhand einer Pr\u00e4sentation wurden zentrale Begriffe wie <strong>Encodierung\/Decodierung<\/strong>, <strong>Modulation\/Demodulation<\/strong>, sowie <strong>Signalst\u00e4rke<\/strong>, <strong>Reflexion<\/strong> und <strong>Interferenz<\/strong> erkl\u00e4rt. Auch physikalische Gr\u00f6\u00dfen wie <strong>Volt<\/strong>, <strong>Ampere<\/strong>, <strong>Hertz<\/strong>, <strong>Dezibel<\/strong> und <strong>Bitrate<\/strong> wurden thematisiert.<\/p>\n\n\n\n<h3 class=\"wp-block-heading\"><strong>Technische Umsetzung \/ Idee<\/strong><\/h3>\n\n\n\n<p>Vergleiche aus dem Alltag (z.\u202fB. Wasserleitung f\u00fcr Strom oder Wellenbewegungen f\u00fcr Wechselstrom) halfen dabei, die physikalischen Prozesse zu veranschaulichen. Zudem wurden moderne Anwendungen wie <strong>WLAN, Bluetooth und Active Noise Cancelling (ANC)<\/strong> in den Kontext gestellt.<\/p>\n\n\n\n<h3 class=\"wp-block-heading\"><strong>Ergebnis<\/strong><\/h3>\n\n\n\n<p>Die Inhalte bieten ein solides physikalisches Fundament f\u00fcr das Verst\u00e4ndnis moderner digitaler Kommunikation und deren technischer Umsetzung \u2013 eine wichtige Grundlage f\u00fcr sp\u00e4tere praktische Anwendungen in IMSK.<\/p>\n\n\n\n<p>Die Verwendete Datei:<\/p>\n\n\n\n<div data-wp-interactive=\"core\/file\" class=\"wp-block-file\"><object data-wp-bind--hidden=\"!state.hasPdfPreview\" hidden class=\"wp-block-file__embed\" data=\"https:\/\/alexander.lackner.pages.hak-schwaz.at\/wp-content\/uploads\/2025\/04\/Physikalische-Grundlagen-der-Kommunikation-Teil-1-komprimiert.pdf\" type=\"application\/pdf\" style=\"width:100%;height:600px\" aria-label=\"Embed of Physikalische Grundlagen der Kommunikation Teil 1-komprimiert.\"><\/object><a id=\"wp-block-file--media-28f3ca71-7664-4400-bbe3-3f69392f1dda\" href=\"https:\/\/alexander.lackner.pages.hak-schwaz.at\/wp-content\/uploads\/2025\/04\/Physikalische-Grundlagen-der-Kommunikation-Teil-1-komprimiert.pdf\">Physikalische Grundlagen der Kommunikation Teil 1-komprimiert<\/a><a href=\"https:\/\/alexander.lackner.pages.hak-schwaz.at\/wp-content\/uploads\/2025\/04\/Physikalische-Grundlagen-der-Kommunikation-Teil-1-komprimiert.pdf\" class=\"wp-block-file__button wp-element-button\" download aria-describedby=\"wp-block-file--media-28f3ca71-7664-4400-bbe3-3f69392f1dda\">Download<\/a><\/div>\n\n\n\n<div style=\"height:641px\" aria-hidden=\"true\" class=\"wp-block-spacer\"><\/div>\n\n\n\n<hr class=\"wp-block-separator has-alpha-channel-opacity is-style-wide\"\/>\n\n\n\n<div style=\"height:39px\" aria-hidden=\"true\" class=\"wp-block-spacer\"><\/div>\n\n\n\n<h2 class=\"wp-block-heading\">Netzwerk-Hardware Grundlagen<\/h2>\n\n\n\n<h3 class=\"wp-block-heading\"><strong>Ausgangssituation \/ Aufgabenstellung<\/strong><\/h3>\n\n\n\n<p>Ziel dieser Lerneinheit war es, die grundlegenden Komponenten eines Netzwerks kennenzulernen \u2013 von einfachen Kabeln bis hin zu aktiven Ger\u00e4ten wie Routern oder Switches \u2013 und deren jeweilige Funktionen und Eigenschaften zu verstehen.<\/p>\n\n\n\n<h3 class=\"wp-block-heading\"><strong>Erlernte Kompetenzen<\/strong><\/h3>\n\n\n\n<ul class=\"wp-block-list\">\n<li>Unterscheidung aktiver und passiver Netzwerkkomponenten<\/li>\n\n\n\n<li>Wissen \u00fcber Funktionen und Einsatzgebiete von Routern, Switches, Modems, Access-Points etc.<\/li>\n\n\n\n<li>Kenntnis \u00fcber verschiedene Kabeltypen (Twisted Pair, Koaxial, Glasfaser)<\/li>\n\n\n\n<li>Verstehen von Steckertypen (RJ11, RJ45, LC, SC) und deren Einsatz<\/li>\n\n\n\n<li>\u00dcberblick \u00fcber Netzwerkkategorien (CAT5 bis CAT7) und deren Leistungsmerkmale<\/li>\n<\/ul>\n\n\n\n<h3 class=\"wp-block-heading\"><strong>Umsetzung der Lernsituation<\/strong><\/h3>\n\n\n\n<p>Die Inhalte wurden in einer kompakten \u00dcbersicht zusammengefasst. Es wurden sowohl physische Ger\u00e4te (z.\u202fB. Switches, Access Points) als auch infrastrukturelle Bestandteile wie Kabel und Steckverbindungen behandelt. Besonderes Augenmerk lag auf der Leistungsf\u00e4higkeit und dem Einsatzgebiet der jeweiligen Technologien.<\/p>\n\n\n\n<h3 class=\"wp-block-heading\"><strong>Technische Umsetzung \/ Idee<\/strong><\/h3>\n\n\n\n<p>Die \u00dcbersicht gliederte sich klar in Bereiche (Ger\u00e4te, Kabel, Stecker, Standards). Unterschiedliche Kabeltypen wurden in Aufbau, Preis und Einsatz miteinander verglichen. Auch die Bedeutung von <strong>Schirmung<\/strong> (z.\u202fB. UTP, FTP, SFTP) wurde thematisiert \u2013 ein zentraler Aspekt f\u00fcr st\u00f6rungsfreie Daten\u00fcbertragung.<\/p>\n\n\n\n<h3 class=\"wp-block-heading\"><strong>Ergebnis<\/strong><\/h3>\n\n\n\n<p>Die Zusammenstellung bietet ein solides technisches Verst\u00e4ndnis der Netzwerkhardware \u2013 ein essenzielles Fundament f\u00fcr die praktische Netzwerktechnik und sp\u00e4tere Arbeiten in Konfiguration, Aufbau oder Fehlerdiagnose.<\/p>\n\n\n\n<p>Verwendete Datei:<\/p>\n\n\n\n<div data-wp-interactive=\"core\/file\" class=\"wp-block-file\"><object data-wp-bind--hidden=\"!state.hasPdfPreview\" hidden class=\"wp-block-file__embed\" data=\"https:\/\/alexander.lackner.pages.hak-schwaz.at\/wp-content\/uploads\/2025\/04\/Netzwerk-Hardware-Grundlagen-Ubersicht.pdf\" type=\"application\/pdf\" style=\"width:100%;height:600px\" aria-label=\"Embed of Netzwerk Hardware Grundlagen \u00dcbersicht.\"><\/object><a id=\"wp-block-file--media-ee0ce25e-fc7c-42f0-a9b1-2b6679bd802b\" href=\"https:\/\/alexander.lackner.pages.hak-schwaz.at\/wp-content\/uploads\/2025\/04\/Netzwerk-Hardware-Grundlagen-Ubersicht.pdf\">Netzwerk Hardware Grundlagen \u00dcbersicht<\/a><a href=\"https:\/\/alexander.lackner.pages.hak-schwaz.at\/wp-content\/uploads\/2025\/04\/Netzwerk-Hardware-Grundlagen-Ubersicht.pdf\" class=\"wp-block-file__button wp-element-button\" download aria-describedby=\"wp-block-file--media-ee0ce25e-fc7c-42f0-a9b1-2b6679bd802b\">Download<\/a><\/div>\n\n\n\n<div style=\"height:587px\" aria-hidden=\"true\" class=\"wp-block-spacer\"><\/div>\n","protected":false},"excerpt":{"rendered":"<p>Physikalische Grundlagen Ausgangssituation \/ Aufgabenstellung Ziel war es, die physikalischen Grundlagen moderner Kommunikationstechnologien zu verstehen. Dabei standen grundlegende Begriffe wie Signal\u00fcbertragung, Stromformen und Codierung im &hellip;<\/p>\n","protected":false},"author":1,"featured_media":0,"parent":48,"menu_order":0,"comment_status":"closed","ping_status":"closed","template":"","meta":{"footnotes":""},"class_list":["post-56","page","type-page","status-publish","hentry"],"_links":{"self":[{"href":"https:\/\/alexander.lackner.pages.hak-schwaz.at\/index.php?rest_route=\/wp\/v2\/pages\/56","targetHints":{"allow":["GET"]}}],"collection":[{"href":"https:\/\/alexander.lackner.pages.hak-schwaz.at\/index.php?rest_route=\/wp\/v2\/pages"}],"about":[{"href":"https:\/\/alexander.lackner.pages.hak-schwaz.at\/index.php?rest_route=\/wp\/v2\/types\/page"}],"author":[{"embeddable":true,"href":"https:\/\/alexander.lackner.pages.hak-schwaz.at\/index.php?rest_route=\/wp\/v2\/users\/1"}],"replies":[{"embeddable":true,"href":"https:\/\/alexander.lackner.pages.hak-schwaz.at\/index.php?rest_route=%2Fwp%2Fv2%2Fcomments&post=56"}],"version-history":[{"count":12,"href":"https:\/\/alexander.lackner.pages.hak-schwaz.at\/index.php?rest_route=\/wp\/v2\/pages\/56\/revisions"}],"predecessor-version":[{"id":296,"href":"https:\/\/alexander.lackner.pages.hak-schwaz.at\/index.php?rest_route=\/wp\/v2\/pages\/56\/revisions\/296"}],"up":[{"embeddable":true,"href":"https:\/\/alexander.lackner.pages.hak-schwaz.at\/index.php?rest_route=\/wp\/v2\/pages\/48"}],"wp:attachment":[{"href":"https:\/\/alexander.lackner.pages.hak-schwaz.at\/index.php?rest_route=%2Fwp%2Fv2%2Fmedia&parent=56"}],"curies":[{"name":"wp","href":"https:\/\/api.w.org\/{rel}","templated":true}]}}