{"id":61,"date":"2025-03-05T16:45:19","date_gmt":"2025-03-05T16:45:19","guid":{"rendered":"https:\/\/alexander.lackner.pages.hak-schwaz.at\/?page_id=61"},"modified":"2025-03-25T14:30:11","modified_gmt":"2025-03-25T14:30:11","slug":"5-klasse","status":"publish","type":"page","link":"https:\/\/alexander.lackner.pages.hak-schwaz.at\/?page_id=61","title":{"rendered":"5. Klasse"},"content":{"rendered":"\n<h2 class=\"wp-block-heading\">Im f\u00fcnften Jahr wurden wurde unterandrem die Hawthorne-Studien, HRO und Cross parisant empahty behandelt.<\/h2>\n\n\n\n<h2 class=\"wp-block-heading\">Hawthoren<\/h2>\n\n\n\n<p>Die Hawthorne-Studien sind von gro\u00dfer Bedeutung, weil sie aufzeigten, wie wichtig es ist, das Verhalten der Mitarbeiter zu beobachten und soziale sowie psychologische Faktoren zu ber\u00fccksichtigen. In der Arbeitswelt zeigt sich, dass Mitarbeiter oft produktiver sind, wenn sie sich wertgesch\u00e4tzt und beachtet f\u00fchlen. Diese Erkenntnis hat weitreichende Auswirkungen auf das moderne Management, da sie die Bedeutung von F\u00fchrung, Mitarbeiterbindung und Teamdynamik verdeutlicht. Der Hawthorne-Effekt zeigt, wie wichtig es ist, eine unterst\u00fctzende und aufmerksamkeitsf\u00f6rdernde Arbeitsumgebung zu schaffen, was zu h\u00f6herer Motivation und besseren Ergebnissen f\u00fchrt.<\/p>\n\n\n\n<h2 class=\"wp-block-heading\">HRO<\/h2>\n\n\n\n<p>Die Bedeutung von HROs liegt in der F\u00e4higkeit, in besonders risikobehafteten Bereichen zuverl\u00e4ssig und sicher zu arbeiten. In der Arbeitswelt, besonders in Branchen wie der Luftfahrt oder der Medizin, sind Fehlermanagement und Sicherheit entscheidend f\u00fcr den Erfolg und das Wohl der Mitarbeiter und der Gesellschaft. HROs setzen auf kontinuierliches Lernen, Risikomanagement und eine Fehlerkultur, die es erm\u00f6glicht, trotz hoher Komplexit\u00e4t und Unsicherheit eine hohe Zuverl\u00e4ssigkeit aufrechtzuerhalten. Das Verst\u00e4ndnis und die Implementierung solcher Prinzipien k\u00f6nnen Unternehmen helfen, auch in schwierigen und kritischen Situationen eine hohe Leistung und Sicherheit zu gew\u00e4hrleisten.<\/p>\n\n\n\n<h2 class=\"wp-block-heading\">Cross parisant emphaty<\/h2>\n\n\n\n<p>Die F\u00e4higkeit, sich in verschiedene politische oder ideologische Perspektiven hineinzuversetzen, ist in der Arbeitswelt besonders wichtig, um eine harmonische und produktive Zusammenarbeit in vielf\u00e4ltigen Teams zu erm\u00f6glichen. In einem Arbeitsumfeld, das oft unterschiedliche politische und kulturelle Hintergr\u00fcnde umfasst, hilft Cross-partisan Empathy, Missverst\u00e4ndnisse und Konflikte zu vermeiden. Sie f\u00f6rdert das Verst\u00e4ndnis und den respektvollen Austausch zwischen verschiedenen Ansichten, was zu einer offenen und integrativen Unternehmenskultur beitr\u00e4gt. Dies ist besonders wichtig f\u00fcr die F\u00f6rderung von Teamarbeit, Innovation und effektiver Probleml\u00f6sung, da diverse Perspektiven ber\u00fccksichtigt und respektiert werden.<\/p>\n\n\n\n<p><\/p>\n\n\n\n<p><\/p>\n","protected":false},"excerpt":{"rendered":"<p>Im f\u00fcnften Jahr wurden wurde unterandrem die Hawthorne-Studien, HRO und Cross parisant empahty behandelt. Hawthoren Die Hawthorne-Studien sind von gro\u00dfer Bedeutung, weil sie aufzeigten, wie &hellip;<\/p>\n","protected":false},"author":1,"featured_media":0,"parent":49,"menu_order":0,"comment_status":"closed","ping_status":"closed","template":"","meta":{"footnotes":""},"class_list":["post-61","page","type-page","status-publish","hentry"],"_links":{"self":[{"href":"https:\/\/alexander.lackner.pages.hak-schwaz.at\/index.php?rest_route=\/wp\/v2\/pages\/61","targetHints":{"allow":["GET"]}}],"collection":[{"href":"https:\/\/alexander.lackner.pages.hak-schwaz.at\/index.php?rest_route=\/wp\/v2\/pages"}],"about":[{"href":"https:\/\/alexander.lackner.pages.hak-schwaz.at\/index.php?rest_route=\/wp\/v2\/types\/page"}],"author":[{"embeddable":true,"href":"https:\/\/alexander.lackner.pages.hak-schwaz.at\/index.php?rest_route=\/wp\/v2\/users\/1"}],"replies":[{"embeddable":true,"href":"https:\/\/alexander.lackner.pages.hak-schwaz.at\/index.php?rest_route=%2Fwp%2Fv2%2Fcomments&post=61"}],"version-history":[{"count":6,"href":"https:\/\/alexander.lackner.pages.hak-schwaz.at\/index.php?rest_route=\/wp\/v2\/pages\/61\/revisions"}],"predecessor-version":[{"id":183,"href":"https:\/\/alexander.lackner.pages.hak-schwaz.at\/index.php?rest_route=\/wp\/v2\/pages\/61\/revisions\/183"}],"up":[{"embeddable":true,"href":"https:\/\/alexander.lackner.pages.hak-schwaz.at\/index.php?rest_route=\/wp\/v2\/pages\/49"}],"wp:attachment":[{"href":"https:\/\/alexander.lackner.pages.hak-schwaz.at\/index.php?rest_route=%2Fwp%2Fv2%2Fmedia&parent=61"}],"curies":[{"name":"wp","href":"https:\/\/api.w.org\/{rel}","templated":true}]}}